{"id":315,"date":"2021-06-29T10:37:48","date_gmt":"2021-06-29T08:37:48","guid":{"rendered":"http:\/\/www.nclaw.be\/faillite\/"},"modified":"2021-07-09T11:55:55","modified_gmt":"2021-07-09T09:55:55","slug":"faillite","status":"publish","type":"page","link":"https:\/\/www.nclaw.be\/fr\/domaines-dexpertise\/faillite\/","title":{"rendered":"Faillite"},"content":{"rendered":"\n<p>Votre entreprise rencontre des difficult\u00e9s ?<\/p>\n<style>.wp-block-kadence-advancedheading.kt-adv-heading_a3be0c-ef, .wp-block-kadence-advancedheading.kt-adv-heading_a3be0c-ef[data-kb-block=\"kb-adv-heading_a3be0c-ef\"]{margin-left:50px;font-style:normal;}.wp-block-kadence-advancedheading.kt-adv-heading_a3be0c-ef mark.kt-highlight, .wp-block-kadence-advancedheading.kt-adv-heading_a3be0c-ef[data-kb-block=\"kb-adv-heading_a3be0c-ef\"] mark.kt-highlight{font-style:normal;color:#f76a0c;-webkit-box-decoration-break:clone;box-decoration-break:clone;padding-top:0px;padding-right:0px;padding-bottom:0px;padding-left:0px;}.wp-block-kadence-advancedheading.kt-adv-heading_a3be0c-ef img.kb-inline-image, .wp-block-kadence-advancedheading.kt-adv-heading_a3be0c-ef[data-kb-block=\"kb-adv-heading_a3be0c-ef\"] img.kb-inline-image{width:150px;vertical-align:baseline;}<\/style>\n<p class=\"kt-adv-heading_a3be0c-ef wp-block-kadence-advancedheading\" data-kb-block=\"kb-adv-heading_a3be0c-ef\">NCLAW conseille les entreprises en difficult\u00e9 afin de pr\u00e9server leur existence.<br\/>Si la faillite est in\u00e9vitable, NCLAW se charge de l\u2019assistance n\u00e9cessaire dans cette proc\u00e9dure.<\/p>\n\n<p>En tant que cr\u00e9ancier, vous \u00eates confront\u00e9 \u00e0 une entreprise en difficult\u00e9 ?<\/p>\n<style>.wp-block-kadence-advancedheading.kt-adv-heading_613f45-4b, .wp-block-kadence-advancedheading.kt-adv-heading_613f45-4b[data-kb-block=\"kb-adv-heading_613f45-4b\"]{margin-left:50px;font-style:normal;}.wp-block-kadence-advancedheading.kt-adv-heading_613f45-4b mark.kt-highlight, .wp-block-kadence-advancedheading.kt-adv-heading_613f45-4b[data-kb-block=\"kb-adv-heading_613f45-4b\"] mark.kt-highlight{font-style:normal;color:#f76a0c;-webkit-box-decoration-break:clone;box-decoration-break:clone;padding-top:0px;padding-right:0px;padding-bottom:0px;padding-left:0px;}.wp-block-kadence-advancedheading.kt-adv-heading_613f45-4b img.kb-inline-image, .wp-block-kadence-advancedheading.kt-adv-heading_613f45-4b[data-kb-block=\"kb-adv-heading_613f45-4b\"] img.kb-inline-image{width:150px;vertical-align:baseline;}<\/style>\n<p class=\"kt-adv-heading_613f45-4b wp-block-kadence-advancedheading\" data-kb-block=\"kb-adv-heading_613f45-4b\">NCLAW peut repr\u00e9senter vos int\u00e9r\u00eats afin de maximiser le recouvrement de votre dette.<\/p>\n","protected":false},"excerpt":{"rendered":"<p>Votre entreprise rencontre des difficult\u00e9s ? NCLAW conseille les entreprises en difficult\u00e9 afin de pr\u00e9server leur existence.Si la faillite est in\u00e9vitable, NCLAW se charge de l\u2019assistance n\u00e9cessaire dans cette proc\u00e9dure. En tant que cr\u00e9ancier, vous \u00eates confront\u00e9 \u00e0 une entreprise en difficult\u00e9 ? NCLAW peut repr\u00e9senter vos int\u00e9r\u00eats afin de maximiser le recouvrement de votre [&hellip;]<\/p>\n","protected":false},"author":1,"featured_media":0,"parent":340,"menu_order":0,"comment_status":"closed","ping_status":"closed","template":"layout-expertisegebieden.php","meta":{"_acf_changed":false,"inline_featured_image":false,"footnotes":""},"class_list":["post-315","page","type-page","status-publish","hentry"],"acf":[],"_links":{"self":[{"href":"https:\/\/www.nclaw.be\/fr\/wp-json\/wp\/v2\/pages\/315","targetHints":{"allow":["GET"]}}],"collection":[{"href":"https:\/\/www.nclaw.be\/fr\/wp-json\/wp\/v2\/pages"}],"about":[{"href":"https:\/\/www.nclaw.be\/fr\/wp-json\/wp\/v2\/types\/page"}],"author":[{"embeddable":true,"href":"https:\/\/www.nclaw.be\/fr\/wp-json\/wp\/v2\/users\/1"}],"replies":[{"embeddable":true,"href":"https:\/\/www.nclaw.be\/fr\/wp-json\/wp\/v2\/comments?post=315"}],"version-history":[{"count":4,"href":"https:\/\/www.nclaw.be\/fr\/wp-json\/wp\/v2\/pages\/315\/revisions"}],"predecessor-version":[{"id":458,"href":"https:\/\/www.nclaw.be\/fr\/wp-json\/wp\/v2\/pages\/315\/revisions\/458"}],"up":[{"embeddable":true,"href":"https:\/\/www.nclaw.be\/fr\/wp-json\/wp\/v2\/pages\/340"}],"wp:attachment":[{"href":"https:\/\/www.nclaw.be\/fr\/wp-json\/wp\/v2\/media?parent=315"}],"curies":[{"name":"wp","href":"https:\/\/api.w.org\/{rel}","templated":true}]}}