{"id":313,"date":"2021-06-29T10:36:48","date_gmt":"2021-06-29T08:36:48","guid":{"rendered":"http:\/\/www.nclaw.be\/droit-penal\/"},"modified":"2021-06-29T11:33:07","modified_gmt":"2021-06-29T09:33:07","slug":"droit-penal","status":"publish","type":"page","link":"https:\/\/www.nclaw.be\/fr\/domaines-dexpertise\/droit-penal\/","title":{"rendered":"Droit p\u00e9nal"},"content":{"rendered":"\n<p>En tant que suspect, vous pouvez compter sur NCLAW pour des conseils avis\u00e9s et une d\u00e9fense approfondie.<\/p>\n<style>.wp-block-kadence-advancedheading.kt-adv-heading_c92958-48, .wp-block-kadence-advancedheading.kt-adv-heading_c92958-48[data-kb-block=\"kb-adv-heading_c92958-48\"]{margin-left:50px;font-style:normal;}.wp-block-kadence-advancedheading.kt-adv-heading_c92958-48 mark.kt-highlight, .wp-block-kadence-advancedheading.kt-adv-heading_c92958-48[data-kb-block=\"kb-adv-heading_c92958-48\"] mark.kt-highlight{font-style:normal;color:#f76a0c;-webkit-box-decoration-break:clone;box-decoration-break:clone;padding-top:0px;padding-right:0px;padding-bottom:0px;padding-left:0px;}.wp-block-kadence-advancedheading.kt-adv-heading_c92958-48 img.kb-inline-image, .wp-block-kadence-advancedheading.kt-adv-heading_c92958-48[data-kb-block=\"kb-adv-heading_c92958-48\"] img.kb-inline-image{width:150px;vertical-align:baseline;}<\/style>\n<p class=\"kt-adv-heading_c92958-48 wp-block-kadence-advancedheading\" data-kb-block=\"kb-adv-heading_c92958-48\">Nous pr\u00e9parons votre d\u00e9fense avec vous et nous vous soutenons tout au long de la proc\u00e9dure, de l\u2019interrogatoire de police \u00e0 la d\u00e9fense devant le tribunal de police ou devant le tribunal correctionnel. Vous pouvez \u00e9galement faire appel \u00e0 nous si vous \u00eates plac\u00e9 en d\u00e9tention pr\u00e9ventive pendant la phase de l\u2019enqu\u00eate.<\/p>\n\n<p>Nous assistons \u00e9galement les victimes de crimes, tant avant et pendant l\u2019enqu\u00eate que pendant la proc\u00e9dure p\u00e9nale.<\/p>\n<style>.wp-block-kadence-advancedheading.kt-adv-heading_9c7fe6-ef, .wp-block-kadence-advancedheading.kt-adv-heading_9c7fe6-ef[data-kb-block=\"kb-adv-heading_9c7fe6-ef\"]{margin-left:50px;font-style:normal;}.wp-block-kadence-advancedheading.kt-adv-heading_9c7fe6-ef mark.kt-highlight, .wp-block-kadence-advancedheading.kt-adv-heading_9c7fe6-ef[data-kb-block=\"kb-adv-heading_9c7fe6-ef\"] mark.kt-highlight{font-style:normal;color:#f76a0c;-webkit-box-decoration-break:clone;box-decoration-break:clone;padding-top:0px;padding-right:0px;padding-bottom:0px;padding-left:0px;}.wp-block-kadence-advancedheading.kt-adv-heading_9c7fe6-ef img.kb-inline-image, .wp-block-kadence-advancedheading.kt-adv-heading_9c7fe6-ef[data-kb-block=\"kb-adv-heading_9c7fe6-ef\"] img.kb-inline-image{width:150px;vertical-align:baseline;}<\/style>\n<p class=\"kt-adv-heading_9c7fe6-ef wp-block-kadence-advancedheading\" data-kb-block=\"kb-adv-heading_9c7fe6-ef\">Nous communiquons de mani\u00e8re transparente avec vous sur vos possibilit\u00e9s d\u2019indemnisation.<\/p>\n\n<p>Nous prenons vos soucis en charge !<\/p>\n","protected":false},"excerpt":{"rendered":"<p>En tant que suspect, vous pouvez compter sur NCLAW pour des conseils avis\u00e9s et une d\u00e9fense approfondie. Nous pr\u00e9parons votre d\u00e9fense avec vous et nous vous soutenons tout au long de la proc\u00e9dure, de l\u2019interrogatoire de police \u00e0 la d\u00e9fense devant le tribunal de police ou devant le tribunal correctionnel. Vous pouvez \u00e9galement faire appel [&hellip;]<\/p>\n","protected":false},"author":1,"featured_media":0,"parent":340,"menu_order":0,"comment_status":"closed","ping_status":"closed","template":"layout-expertisegebieden.php","meta":{"_acf_changed":false,"inline_featured_image":false,"footnotes":""},"class_list":["post-313","page","type-page","status-publish","hentry"],"acf":[],"_links":{"self":[{"href":"https:\/\/www.nclaw.be\/fr\/wp-json\/wp\/v2\/pages\/313","targetHints":{"allow":["GET"]}}],"collection":[{"href":"https:\/\/www.nclaw.be\/fr\/wp-json\/wp\/v2\/pages"}],"about":[{"href":"https:\/\/www.nclaw.be\/fr\/wp-json\/wp\/v2\/types\/page"}],"author":[{"embeddable":true,"href":"https:\/\/www.nclaw.be\/fr\/wp-json\/wp\/v2\/users\/1"}],"replies":[{"embeddable":true,"href":"https:\/\/www.nclaw.be\/fr\/wp-json\/wp\/v2\/comments?post=313"}],"version-history":[{"count":3,"href":"https:\/\/www.nclaw.be\/fr\/wp-json\/wp\/v2\/pages\/313\/revisions"}],"predecessor-version":[{"id":326,"href":"https:\/\/www.nclaw.be\/fr\/wp-json\/wp\/v2\/pages\/313\/revisions\/326"}],"up":[{"embeddable":true,"href":"https:\/\/www.nclaw.be\/fr\/wp-json\/wp\/v2\/pages\/340"}],"wp:attachment":[{"href":"https:\/\/www.nclaw.be\/fr\/wp-json\/wp\/v2\/media?parent=313"}],"curies":[{"name":"wp","href":"https:\/\/api.w.org\/{rel}","templated":true}]}}