{"id":303,"date":"2021-06-29T10:32:32","date_gmt":"2021-06-29T08:32:32","guid":{"rendered":"http:\/\/www.nclaw.be\/droit-successoral\/"},"modified":"2021-06-29T11:33:16","modified_gmt":"2021-06-29T09:33:16","slug":"droit-successoral","status":"publish","type":"page","link":"https:\/\/www.nclaw.be\/fr\/domaines-dexpertise\/droit-successoral\/","title":{"rendered":"Droit successoral"},"content":{"rendered":"\n<p>Le droit successoral est une mati\u00e8re complexe qui a \u00e9galement fait l\u2019objet de r\u00e9formes importantes ces derni\u00e8res ann\u00e9es. Le d\u00e9roulement d\u2019un h\u00e9ritage sous toutes ses facettes peut \u00eatre une affaire juridique complexe.<\/p>\n\n<p>Nos avocats ont les connaissances et la sp\u00e9cialisation n\u00e9cessaires pour vous aider. En outre, nous regardons au-del\u00e0 des aspects juridiques, nous avons \u00e9galement une attention particuli\u00e8re pour l\u2019aspect humain de cette mati\u00e8re.<\/p>\n\n<p>Si vous \u00eates confront\u00e9 \u00e0 un probl\u00e8me li\u00e9 au droit successoral, nous serons heureux de vous conseiller et nous pouvons vous apporter l\u2019assistance n\u00e9cessaire pour les solutions amiables et les proc\u00e9dures judiciaires.<\/p>\n","protected":false},"excerpt":{"rendered":"<p>Le droit successoral est une mati\u00e8re complexe qui a \u00e9galement fait l\u2019objet de r\u00e9formes importantes ces derni\u00e8res ann\u00e9es. Le d\u00e9roulement d\u2019un h\u00e9ritage sous toutes ses facettes peut \u00eatre une affaire juridique complexe. Nos avocats ont les connaissances et la sp\u00e9cialisation n\u00e9cessaires pour vous aider. En outre, nous regardons au-del\u00e0 des aspects juridiques, nous avons \u00e9galement [&hellip;]<\/p>\n","protected":false},"author":1,"featured_media":0,"parent":340,"menu_order":0,"comment_status":"closed","ping_status":"closed","template":"layout-expertisegebieden.php","meta":{"_acf_changed":false,"inline_featured_image":false,"footnotes":""},"class_list":["post-303","page","type-page","status-publish","hentry"],"acf":[],"_links":{"self":[{"href":"https:\/\/www.nclaw.be\/fr\/wp-json\/wp\/v2\/pages\/303","targetHints":{"allow":["GET"]}}],"collection":[{"href":"https:\/\/www.nclaw.be\/fr\/wp-json\/wp\/v2\/pages"}],"about":[{"href":"https:\/\/www.nclaw.be\/fr\/wp-json\/wp\/v2\/types\/page"}],"author":[{"embeddable":true,"href":"https:\/\/www.nclaw.be\/fr\/wp-json\/wp\/v2\/users\/1"}],"replies":[{"embeddable":true,"href":"https:\/\/www.nclaw.be\/fr\/wp-json\/wp\/v2\/comments?post=303"}],"version-history":[{"count":1,"href":"https:\/\/www.nclaw.be\/fr\/wp-json\/wp\/v2\/pages\/303\/revisions"}],"predecessor-version":[{"id":304,"href":"https:\/\/www.nclaw.be\/fr\/wp-json\/wp\/v2\/pages\/303\/revisions\/304"}],"up":[{"embeddable":true,"href":"https:\/\/www.nclaw.be\/fr\/wp-json\/wp\/v2\/pages\/340"}],"wp:attachment":[{"href":"https:\/\/www.nclaw.be\/fr\/wp-json\/wp\/v2\/media?parent=303"}],"curies":[{"name":"wp","href":"https:\/\/api.w.org\/{rel}","templated":true}]}}