{"id":297,"date":"2021-06-29T10:30:47","date_gmt":"2021-06-29T08:30:47","guid":{"rendered":"http:\/\/www.nclaw.be\/droit-de-la-famille\/"},"modified":"2021-06-29T11:32:10","modified_gmt":"2021-06-29T09:32:10","slug":"droit-de-la-famille","status":"publish","type":"page","link":"https:\/\/www.nclaw.be\/fr\/domaines-dexpertise\/droit-de-la-famille\/","title":{"rendered":"Droit de la famille"},"content":{"rendered":"\n<p>Le droit de la famille est un domaine tr\u00e8s diversifi\u00e9 du droit dans lequel nous disposons de l\u2019exp\u00e9rience et de l\u2019expertise n\u00e9cessaires.<\/p>\n\n<p>Notre objectif est de s\u2019occuper des soucis de nos clients confront\u00e9s \u00e0 un probl\u00e8me familial en leur conseillant, en menant des n\u00e9gociations \u00e0 l\u2019amiable et en les assistant dans les proc\u00e9dures judiciaires. Cela va du divorce \u00e0 la cessation de la cohabitation l\u00e9gale ou de fait, \u00e0 la proc\u00e9dure de liquidation- partage, en passant par l\u2019\u00e9tablissement d\u2019un r\u00e9gime d\u2019h\u00e9bergement et d\u2019un r\u00e8glement financier pour les enfants, \u00e0 un r\u00e8glement des obligations alimentaires existants entre les ex-conjoints.<\/p>\n","protected":false},"excerpt":{"rendered":"<p>Le droit de la famille est un domaine tr\u00e8s diversifi\u00e9 du droit dans lequel nous disposons de l\u2019exp\u00e9rience et de l\u2019expertise n\u00e9cessaires. Notre objectif est de s\u2019occuper des soucis de nos clients confront\u00e9s \u00e0 un probl\u00e8me familial en leur conseillant, en menant des n\u00e9gociations \u00e0 l\u2019amiable et en les assistant dans les proc\u00e9dures judiciaires. Cela [&hellip;]<\/p>\n","protected":false},"author":1,"featured_media":0,"parent":340,"menu_order":0,"comment_status":"closed","ping_status":"closed","template":"layout-expertisegebieden.php","meta":{"_acf_changed":false,"inline_featured_image":false,"footnotes":""},"class_list":["post-297","page","type-page","status-publish","hentry"],"acf":[],"_links":{"self":[{"href":"https:\/\/www.nclaw.be\/fr\/wp-json\/wp\/v2\/pages\/297","targetHints":{"allow":["GET"]}}],"collection":[{"href":"https:\/\/www.nclaw.be\/fr\/wp-json\/wp\/v2\/pages"}],"about":[{"href":"https:\/\/www.nclaw.be\/fr\/wp-json\/wp\/v2\/types\/page"}],"author":[{"embeddable":true,"href":"https:\/\/www.nclaw.be\/fr\/wp-json\/wp\/v2\/users\/1"}],"replies":[{"embeddable":true,"href":"https:\/\/www.nclaw.be\/fr\/wp-json\/wp\/v2\/comments?post=297"}],"version-history":[{"count":1,"href":"https:\/\/www.nclaw.be\/fr\/wp-json\/wp\/v2\/pages\/297\/revisions"}],"predecessor-version":[{"id":298,"href":"https:\/\/www.nclaw.be\/fr\/wp-json\/wp\/v2\/pages\/297\/revisions\/298"}],"up":[{"embeddable":true,"href":"https:\/\/www.nclaw.be\/fr\/wp-json\/wp\/v2\/pages\/340"}],"wp:attachment":[{"href":"https:\/\/www.nclaw.be\/fr\/wp-json\/wp\/v2\/media?parent=297"}],"curies":[{"name":"wp","href":"https:\/\/api.w.org\/{rel}","templated":true}]}}