{"id":295,"date":"2021-06-29T10:29:55","date_gmt":"2021-06-29T08:29:55","guid":{"rendered":"http:\/\/www.nclaw.be\/droit-du-bail\/"},"modified":"2021-06-29T11:32:38","modified_gmt":"2021-06-29T09:32:38","slug":"droit-du-bail","status":"publish","type":"page","link":"https:\/\/www.nclaw.be\/fr\/domaines-dexpertise\/droit-du-bail\/","title":{"rendered":"Droit du bail"},"content":{"rendered":"\n<p>Votre locataire a-t-il endommag\u00e9 votre propri\u00e9t\u00e9 ? Votre locataire ne paie pas son loyer ? Votre locataire est parti subitement ? Ou votre propri\u00e9taire refuse-t-il de r\u00e9parer un vice et\/ou d\u00e9faut dans bien ?<\/p>\n\n<p>En cas de litige locatif, tant le locataire que le propri\u00e9taire peuvent compter sur l\u2019assistance juridique et prise en charge maximale de NCLAW.&#13;\nOutre les diff\u00e9rents r\u00e9gimes de location (r\u00e9sidentiel, commercial et bail \u00e0 ferme), il faut \u00e9galement tenir compte de la r\u00e9gionalisation de la mati\u00e8re.<\/p>\n\n<p>NCLAW dispose d\u2019ann\u00e9es d\u2019exp\u00e9rience et de connaissances approfondies afin de vous donner un conseil sur mesure ou de plaider votre affaire.<\/p>\n","protected":false},"excerpt":{"rendered":"<p>Votre locataire a-t-il endommag\u00e9 votre propri\u00e9t\u00e9 ? Votre locataire ne paie pas son loyer ? Votre locataire est parti subitement ? Ou votre propri\u00e9taire refuse-t-il de r\u00e9parer un vice et\/ou d\u00e9faut dans bien ? En cas de litige locatif, tant le locataire que le propri\u00e9taire peuvent compter sur l\u2019assistance juridique et prise en charge maximale [&hellip;]<\/p>\n","protected":false},"author":1,"featured_media":0,"parent":340,"menu_order":0,"comment_status":"closed","ping_status":"closed","template":"layout-expertisegebieden.php","meta":{"_acf_changed":false,"inline_featured_image":false,"footnotes":""},"class_list":["post-295","page","type-page","status-publish","hentry"],"acf":[],"_links":{"self":[{"href":"https:\/\/www.nclaw.be\/fr\/wp-json\/wp\/v2\/pages\/295","targetHints":{"allow":["GET"]}}],"collection":[{"href":"https:\/\/www.nclaw.be\/fr\/wp-json\/wp\/v2\/pages"}],"about":[{"href":"https:\/\/www.nclaw.be\/fr\/wp-json\/wp\/v2\/types\/page"}],"author":[{"embeddable":true,"href":"https:\/\/www.nclaw.be\/fr\/wp-json\/wp\/v2\/users\/1"}],"replies":[{"embeddable":true,"href":"https:\/\/www.nclaw.be\/fr\/wp-json\/wp\/v2\/comments?post=295"}],"version-history":[{"count":3,"href":"https:\/\/www.nclaw.be\/fr\/wp-json\/wp\/v2\/pages\/295\/revisions"}],"predecessor-version":[{"id":300,"href":"https:\/\/www.nclaw.be\/fr\/wp-json\/wp\/v2\/pages\/295\/revisions\/300"}],"up":[{"embeddable":true,"href":"https:\/\/www.nclaw.be\/fr\/wp-json\/wp\/v2\/pages\/340"}],"wp:attachment":[{"href":"https:\/\/www.nclaw.be\/fr\/wp-json\/wp\/v2\/media?parent=295"}],"curies":[{"name":"wp","href":"https:\/\/api.w.org\/{rel}","templated":true}]}}