{"id":293,"date":"2021-06-29T10:29:14","date_gmt":"2021-06-29T08:29:14","guid":{"rendered":"http:\/\/www.nclaw.be\/droit-de-la-circulation\/"},"modified":"2021-09-29T11:47:46","modified_gmt":"2021-09-29T09:47:46","slug":"droit-de-la-circulation","status":"publish","type":"page","link":"https:\/\/www.nclaw.be\/fr\/domaines-dexpertise\/droit-de-la-circulation\/","title":{"rendered":"Droit de la circulation"},"content":{"rendered":"\n<p>Avez-vous re\u00e7u une citation \u00e0 compara\u00eetre devant le tribunal de police en raison d\u2019une infraction au code de la route ?<\/p>\n<style>.wp-block-kadence-advancedheading.kt-adv-heading_23682e-fb, .wp-block-kadence-advancedheading.kt-adv-heading_23682e-fb[data-kb-block=\"kb-adv-heading_23682e-fb\"]{margin-left:50px;font-style:normal;}.wp-block-kadence-advancedheading.kt-adv-heading_23682e-fb mark.kt-highlight, .wp-block-kadence-advancedheading.kt-adv-heading_23682e-fb[data-kb-block=\"kb-adv-heading_23682e-fb\"] mark.kt-highlight{font-style:normal;color:#f76a0c;-webkit-box-decoration-break:clone;box-decoration-break:clone;padding-top:0px;padding-right:0px;padding-bottom:0px;padding-left:0px;}.wp-block-kadence-advancedheading.kt-adv-heading_23682e-fb img.kb-inline-image, .wp-block-kadence-advancedheading.kt-adv-heading_23682e-fb[data-kb-block=\"kb-adv-heading_23682e-fb\"] img.kb-inline-image{width:150px;vertical-align:baseline;}<\/style>\n<p class=\"kt-adv-heading_23682e-fb wp-block-kadence-advancedheading\" data-kb-block=\"kb-adv-heading_23682e-fb\">NCLAW vous assiste dans votre d\u00e9fense devant les tribunaux e.a. en cas d\u2019exc\u00e8s de vitesse, de d\u00e9lit de fuite, d\u2019intoxication alcoolique, d\u2019ivresse, de coups et blessures (non) intentionnels ou de toute autre infraction au code de la route. Vous pouvez compter sur nos ann\u00e9es d\u2019expertise et notre connaissance approfondie du droit de la circulation. <br\/>En concertation avec vous, nous choisissons la strat\u00e9gie qui sera adopt\u00e9e au tribunal.<\/p>\n\n<p>Vous \u00eates victime d\u2019un accident de la circulation ?<\/p>\n<style>.wp-block-kadence-advancedheading.kt-adv-heading_fd0348-83, .wp-block-kadence-advancedheading.kt-adv-heading_fd0348-83[data-kb-block=\"kb-adv-heading_fd0348-83\"]{margin-left:50px;font-style:normal;}.wp-block-kadence-advancedheading.kt-adv-heading_fd0348-83 mark.kt-highlight, .wp-block-kadence-advancedheading.kt-adv-heading_fd0348-83[data-kb-block=\"kb-adv-heading_fd0348-83\"] mark.kt-highlight{font-style:normal;color:#f76a0c;-webkit-box-decoration-break:clone;box-decoration-break:clone;padding-top:0px;padding-right:0px;padding-bottom:0px;padding-left:0px;}.wp-block-kadence-advancedheading.kt-adv-heading_fd0348-83 img.kb-inline-image, .wp-block-kadence-advancedheading.kt-adv-heading_fd0348-83[data-kb-block=\"kb-adv-heading_fd0348-83\"] img.kb-inline-image{width:150px;vertical-align:baseline;}<\/style>\n<p class=\"kt-adv-heading_fd0348-83 wp-block-kadence-advancedheading\" data-kb-block=\"kb-adv-heading_fd0348-83\">NCLAW s\u2019efforce de vous d\u00e9barrasser de tous vos soucis. Nous vous assistons dans le d\u00e9roulement de la proc\u00e9dure de responsabilit\u00e9 et veillons \u00e0 ce que vous soyez indemnis\u00e9. NCLAW s\u2019occupe d\u2019un calcul et d\u2019une \u00e9valuation corrects de vos dommages.<\/p>\n\n<p>En outre, dans la majorit\u00e9 des cas, votre assurance d\u2019aide juridique prendra en charge nos honoraires et nos frais. NCLAW v\u00e9rifiera cela pour vous.<\/p>\n","protected":false},"excerpt":{"rendered":"<p>Avez-vous re\u00e7u une citation \u00e0 compara\u00eetre devant le tribunal de police en raison d\u2019une infraction au code de la route ? NCLAW vous assiste dans votre d\u00e9fense devant les tribunaux e.a. en cas d\u2019exc\u00e8s de vitesse, de d\u00e9lit de fuite, d\u2019intoxication alcoolique, d\u2019ivresse, de coups et blessures (non) intentionnels ou de toute autre infraction au [&hellip;]<\/p>\n","protected":false},"author":1,"featured_media":0,"parent":340,"menu_order":0,"comment_status":"closed","ping_status":"closed","template":"layout-expertisegebieden.php","meta":{"_acf_changed":false,"inline_featured_image":false,"footnotes":""},"class_list":["post-293","page","type-page","status-publish","hentry"],"acf":[],"_links":{"self":[{"href":"https:\/\/www.nclaw.be\/fr\/wp-json\/wp\/v2\/pages\/293","targetHints":{"allow":["GET"]}}],"collection":[{"href":"https:\/\/www.nclaw.be\/fr\/wp-json\/wp\/v2\/pages"}],"about":[{"href":"https:\/\/www.nclaw.be\/fr\/wp-json\/wp\/v2\/types\/page"}],"author":[{"embeddable":true,"href":"https:\/\/www.nclaw.be\/fr\/wp-json\/wp\/v2\/users\/1"}],"replies":[{"embeddable":true,"href":"https:\/\/www.nclaw.be\/fr\/wp-json\/wp\/v2\/comments?post=293"}],"version-history":[{"count":6,"href":"https:\/\/www.nclaw.be\/fr\/wp-json\/wp\/v2\/pages\/293\/revisions"}],"predecessor-version":[{"id":487,"href":"https:\/\/www.nclaw.be\/fr\/wp-json\/wp\/v2\/pages\/293\/revisions\/487"}],"up":[{"embeddable":true,"href":"https:\/\/www.nclaw.be\/fr\/wp-json\/wp\/v2\/pages\/340"}],"wp:attachment":[{"href":"https:\/\/www.nclaw.be\/fr\/wp-json\/wp\/v2\/media?parent=293"}],"curies":[{"name":"wp","href":"https:\/\/api.w.org\/{rel}","templated":true}]}}