{"id":291,"date":"2021-06-29T10:27:51","date_gmt":"2021-06-29T08:27:51","guid":{"rendered":"http:\/\/www.nclaw.be\/droit-de-la-construction\/"},"modified":"2021-07-09T11:55:15","modified_gmt":"2021-07-09T09:55:15","slug":"droit-de-la-construction","status":"publish","type":"page","link":"https:\/\/www.nclaw.be\/fr\/domaines-dexpertise\/droit-de-la-construction\/","title":{"rendered":"Droit de la construction"},"content":{"rendered":"\n<p>Le droit de la construction concerne tout ce qui a trait \u00e0 la construction ou \u00e0 la r\u00e9novation, de loin ou de pr\u00e8s. <br\/>La responsabilit\u00e9 de l\u2019architecte, de l\u2019ing\u00e9nieur en stabilit\u00e9 et de l\u2019entrepreneur entre souvent en jeu dans cette mati\u00e8re.<\/p>\n\n<p>Un avocat en droit de la construction apporte son assistance dans la r\u00e9daction des contrats, les expertises et la r\u00e9solution des conflits judiciaires et extrajudiciaires.<\/p>\n\n<p>\u00c0 NCLAW, nous avons des ann\u00e9es d\u2019exp\u00e9rience en droit de la construction, tant avec des particuliers qu\u2019avec des entreprises. <br\/>Nous sommes donc heureux de vous aider dans tous vos projets de construction.<\/p>\n","protected":false},"excerpt":{"rendered":"<p>Le droit de la construction concerne tout ce qui a trait \u00e0 la construction ou \u00e0 la r\u00e9novation, de loin ou de pr\u00e8s. La responsabilit\u00e9 de l\u2019architecte, de l\u2019ing\u00e9nieur en stabilit\u00e9 et de l\u2019entrepreneur entre souvent en jeu dans cette mati\u00e8re. Un avocat en droit de la construction apporte son assistance dans la r\u00e9daction des [&hellip;]<\/p>\n","protected":false},"author":1,"featured_media":0,"parent":340,"menu_order":0,"comment_status":"closed","ping_status":"closed","template":"layout-expertisegebieden.php","meta":{"_acf_changed":false,"inline_featured_image":false,"footnotes":""},"class_list":["post-291","page","type-page","status-publish","hentry"],"acf":[],"_links":{"self":[{"href":"https:\/\/www.nclaw.be\/fr\/wp-json\/wp\/v2\/pages\/291","targetHints":{"allow":["GET"]}}],"collection":[{"href":"https:\/\/www.nclaw.be\/fr\/wp-json\/wp\/v2\/pages"}],"about":[{"href":"https:\/\/www.nclaw.be\/fr\/wp-json\/wp\/v2\/types\/page"}],"author":[{"embeddable":true,"href":"https:\/\/www.nclaw.be\/fr\/wp-json\/wp\/v2\/users\/1"}],"replies":[{"embeddable":true,"href":"https:\/\/www.nclaw.be\/fr\/wp-json\/wp\/v2\/comments?post=291"}],"version-history":[{"count":6,"href":"https:\/\/www.nclaw.be\/fr\/wp-json\/wp\/v2\/pages\/291\/revisions"}],"predecessor-version":[{"id":455,"href":"https:\/\/www.nclaw.be\/fr\/wp-json\/wp\/v2\/pages\/291\/revisions\/455"}],"up":[{"embeddable":true,"href":"https:\/\/www.nclaw.be\/fr\/wp-json\/wp\/v2\/pages\/340"}],"wp:attachment":[{"href":"https:\/\/www.nclaw.be\/fr\/wp-json\/wp\/v2\/media?parent=291"}],"curies":[{"name":"wp","href":"https:\/\/api.w.org\/{rel}","templated":true}]}}