{"id":289,"date":"2021-06-29T10:26:57","date_gmt":"2021-06-29T08:26:57","guid":{"rendered":"http:\/\/www.nclaw.be\/droit-de-la-responsabilite\/"},"modified":"2021-06-29T11:32:22","modified_gmt":"2021-06-29T09:32:22","slug":"droit-de-la-responsabilite","status":"publish","type":"page","link":"https:\/\/www.nclaw.be\/fr\/domaines-dexpertise\/droit-de-la-responsabilite\/","title":{"rendered":"Droit de la responsabilit\u00e9"},"content":{"rendered":"\n<p>Tout le monde commet des erreurs ou subit des dommages suite \u00e0 la faute de quelqu\u2019un d\u2019autre. Celui qui cause un dommage suite \u00e0 une faute est en principe responsable. Les erreurs peuvent \u00eatre commises entre les parties contractantes (p.ex. entre l\u2019acheteur et le vendeur) ou en dehors de la sph\u00e8re contractuelle (p.ex. accident (de sports), nuisance de voisinage et en cas de coups et blessures).<\/p>\n\n<p>Le droit de la responsabilit\u00e9 peut donc couvrir un large \u00e9ventail de questions :<\/p>\n\n<ul class=\"wp-block-list\"><li>Que se passe-t-il si vous achetez une maison et qu\u2019il s\u2019av\u00e8re apr\u00e8s coup que le vendeur vous a cach\u00e9 des vices ?<\/li><li>Que faire si votre cheval s\u2019\u00e9chappe et provoque un accident ?<\/li><li>Qui support les dommages si votre voiture est endommag\u00e9e par un grand trou dans la route ?<\/li><li>Que se passe-t-il lorsqu\u2019un probl\u00e8me survient pendant une op\u00e9ration ?<\/li><\/ul>\n\n<p>NCLAW est sp\u00e9cialis\u00e9 dans les litiges en mati\u00e8re de responsabilit\u00e9.<\/p>\n\n<p>Avez-vous caus\u00e9 des dommages ou \u00eates-vous une victime ? Nous avons l\u2019expertise n\u00e9cessaire pour vous aider. Si vous avez un assureur de protection juridique, les honoraires de votre avocat et les frais de justice seront couverts. Nous v\u00e9rifierons donc toujours en premier lieu si vous \u00eates couvert.<\/p>\n","protected":false},"excerpt":{"rendered":"<p>Tout le monde commet des erreurs ou subit des dommages suite \u00e0 la faute de quelqu\u2019un d\u2019autre. Celui qui cause un dommage suite \u00e0 une faute est en principe responsable. Les erreurs peuvent \u00eatre commises entre les parties contractantes (p.ex. entre l\u2019acheteur et le vendeur) ou en dehors de la sph\u00e8re contractuelle (p.ex. accident (de [&hellip;]<\/p>\n","protected":false},"author":1,"featured_media":0,"parent":340,"menu_order":0,"comment_status":"closed","ping_status":"closed","template":"layout-expertisegebieden.php","meta":{"_acf_changed":false,"inline_featured_image":false,"footnotes":""},"class_list":["post-289","page","type-page","status-publish","hentry"],"acf":[],"_links":{"self":[{"href":"https:\/\/www.nclaw.be\/fr\/wp-json\/wp\/v2\/pages\/289","targetHints":{"allow":["GET"]}}],"collection":[{"href":"https:\/\/www.nclaw.be\/fr\/wp-json\/wp\/v2\/pages"}],"about":[{"href":"https:\/\/www.nclaw.be\/fr\/wp-json\/wp\/v2\/types\/page"}],"author":[{"embeddable":true,"href":"https:\/\/www.nclaw.be\/fr\/wp-json\/wp\/v2\/users\/1"}],"replies":[{"embeddable":true,"href":"https:\/\/www.nclaw.be\/fr\/wp-json\/wp\/v2\/comments?post=289"}],"version-history":[{"count":3,"href":"https:\/\/www.nclaw.be\/fr\/wp-json\/wp\/v2\/pages\/289\/revisions"}],"predecessor-version":[{"id":318,"href":"https:\/\/www.nclaw.be\/fr\/wp-json\/wp\/v2\/pages\/289\/revisions\/318"}],"up":[{"embeddable":true,"href":"https:\/\/www.nclaw.be\/fr\/wp-json\/wp\/v2\/pages\/340"}],"wp:attachment":[{"href":"https:\/\/www.nclaw.be\/fr\/wp-json\/wp\/v2\/media?parent=289"}],"curies":[{"name":"wp","href":"https:\/\/api.w.org\/{rel}","templated":true}]}}